{"id":3114,"date":"2023-09-04T15:53:37","date_gmt":"2023-09-04T15:53:37","guid":{"rendered":"https:\/\/home.hamptonu.edu\/libarts\/?page_id=3114"},"modified":"2023-09-04T15:57:26","modified_gmt":"2023-09-04T15:57:26","slug":"tiffany-renee-jackson","status":"publish","type":"page","link":"https:\/\/home.hamptonu.edu\/libarts\/music\/tiffany-renee-jackson\/","title":{"rendered":"Tiffany Ren\u00e9e Jackson"},"content":{"rendered":"\t\t<div data-elementor-type=\"wp-page\" data-elementor-id=\"3114\" class=\"elementor elementor-3114\" data-elementor-post-type=\"page\">\n\t\t\t\t\t\t<section class=\"elementor-section elementor-top-section elementor-element elementor-element-503bfad elementor-section-boxed elementor-section-height-default elementor-section-height-default\" data-id=\"503bfad\" data-element_type=\"section\">\n\t\t\t\t\t\t<div class=\"elementor-container elementor-column-gap-default\">\n\t\t\t\t\t<div class=\"elementor-column elementor-col-100 elementor-top-column elementor-element elementor-element-409b6de\" data-id=\"409b6de\" data-element_type=\"column\">\n\t\t\t<div class=\"elementor-widget-wrap elementor-element-populated\">\n\t\t\t\t\t\t<section class=\"elementor-section elementor-inner-section elementor-element elementor-element-4d293a1 elementor-section-boxed elementor-section-height-default elementor-section-height-default\" data-id=\"4d293a1\" data-element_type=\"section\">\n\t\t\t\t\t\t<div class=\"elementor-container elementor-column-gap-default\">\n\t\t\t\t\t<div class=\"elementor-column elementor-col-50 elementor-inner-column elementor-element elementor-element-bc74ea2\" data-id=\"bc74ea2\" data-element_type=\"column\">\n\t\t\t<div class=\"elementor-widget-wrap elementor-element-populated\">\n\t\t\t\t\t\t<div class=\"elementor-element elementor-element-1513a2b elementor-widget elementor-widget-text-editor\" data-id=\"1513a2b\" data-element_type=\"widget\" data-widget_type=\"text-editor.default\">\n\t\t\t\t<div class=\"elementor-widget-container\">\n\t\t\t\t\t\t\t\t\t<h4>Dr. Tiffany Ren\u00e9e Jackson<\/h4><p><span style=\"font-size: 16px;\">Assistant Professor of Music (Voice)<\/span><\/p><p><span style=\"font-size: 16px;\"><br \/>New Haven, CT native, Dr. Tiffany Ren\u00e9e Jackson, is a groundbreaking multidisciplinary artist. She has excelled in the classical and jazz aesthetics as a singer, scholar, and vocal pedagogue. She earned a Bachelor of Music from the University of Michigan, a Master of Music and Artist Diploma from Yale School of Music, a Professional Studies Degree from the Manhattan School of Music, and a Doctor of Musical Arts Degree from the University of Connecticut.<\/span><\/p><p><br \/>Dr. Tiffany Renee Jackson has an extensive lauded singing career that spans both the classical and jazz genres. Following an apprenticeship with the Houston Grand Opera Studio, the Metropolitan Opera awarded her a study grand, which led to international performances in Norway, Slovenia, Germany, Poland, Lithuania, and many others. She has been a featured soloist with numerous Symphony Orchestras including National Philharmonic Orchestra, Gotham City Orchestra, New Haven Symphony Orchestra, Greater Bridgeport Symphony, and the Akron Symphony. Dr. Jackson has performed in premier festivals such as Tanglewood, Ravinia and the Aspen Festival. In 2005, she made a Carnegie Hall debut as the soprano soloist in Haydn\u2019s Paukenmesse.<br \/><br \/>Dr. Jackson\u2019s most recent performances include a Christmas concert with the New Haven Symphony Orchestra and a performance of her one woman show, &#8220;Rising of the Necessary Diva&#8221; at the Bardo Arts Center in Cullowhee, NC. In the jazz arena, Dr. Jackson is known for her interpretations of the music of Billy Strayhorn and Duke Ellington. She has appeared at the Blue Note (NYC) and Dizzy\u2019s Club Coca Cola, at Jazz Lincoln Center. She can be heard on recordings with Emmy Award winning pianist, composer and educator, Dr. Rex Cadwallader, A Balm in Gilead, and Sweet Perfume in an Alabaster Jar.<br \/><br \/>In addition to her singing credits, Dr. Jackson is a fitness competitor and sports nutrition specialist. She brought all her talents to the world in 2011 when she appeared on \u201cAmerica\u2019s Got Talent\u201d as the \u201cNecessarydiva\u201d, the opera singing bodybuilder. She appeared on the Oprah Winfrey show in 2003, which highlighted her trip to South Africa with Harpo Productions.<br \/><br \/>After two successful years as Assistant Professor of Music at Western Carolina University, this fall Dr. Jackson joined the faculty at Hampton University, one of the nation\u2019s most prestigious HBCU\u2019s. For information regarding Dr. Jackson&#8217;s upcoming performances and appearances, visit www.necessarydiva.net.<\/p>\t\t\t\t\t\t\t\t<\/div>\n\t\t\t\t<\/div>\n\t\t\t\t\t<\/div>\n\t\t<\/div>\n\t\t\t\t<div class=\"elementor-column elementor-col-50 elementor-inner-column elementor-element elementor-element-7af5515\" data-id=\"7af5515\" data-element_type=\"column\">\n\t\t\t<div class=\"elementor-widget-wrap elementor-element-populated\">\n\t\t\t\t\t\t<div class=\"elementor-element elementor-element-1e19b64 elementor-widget elementor-widget-image\" data-id=\"1e19b64\" data-element_type=\"widget\" data-widget_type=\"image.default\">\n\t\t\t\t<div class=\"elementor-widget-container\">\n\t\t\t\t\t\t\t\t\t\t\t\t\t\t\t<img fetchpriority=\"high\" decoding=\"async\" width=\"1024\" height=\"907\" src=\"https:\/\/home.hamptonu.edu\/libarts\/wp-content\/uploads\/sites\/45\/2023\/09\/Pic3-1024x907.jpg\" class=\"attachment-large size-large wp-image-3116\" alt=\"\" srcset=\"https:\/\/home.hamptonu.edu\/libarts\/wp-content\/uploads\/sites\/45\/2023\/09\/Pic3-1024x907.jpg 1024w, https:\/\/home.hamptonu.edu\/libarts\/wp-content\/uploads\/sites\/45\/2023\/09\/Pic3-300x266.jpg 300w, https:\/\/home.hamptonu.edu\/libarts\/wp-content\/uploads\/sites\/45\/2023\/09\/Pic3-768x680.jpg 768w, https:\/\/home.hamptonu.edu\/libarts\/wp-content\/uploads\/sites\/45\/2023\/09\/Pic3-1536x1360.jpg 1536w, https:\/\/home.hamptonu.edu\/libarts\/wp-content\/uploads\/sites\/45\/2023\/09\/Pic3.jpg 2048w\" sizes=\"(max-width: 1024px) 100vw, 1024px\" \/>\t\t\t\t\t\t\t\t\t\t\t\t\t\t\t<\/div>\n\t\t\t\t<\/div>\n\t\t\t\t\t<\/div>\n\t\t<\/div>\n\t\t\t\t\t<\/div>\n\t\t<\/section>\n\t\t\t\t\t<\/div>\n\t\t<\/div>\n\t\t\t\t\t<\/div>\n\t\t<\/section>\n\t\t\t\t<\/div>\n\t\t","protected":false},"excerpt":{"rendered":"<p>Dr. Tiffany Ren\u00e9e Jackson Assistant Professor of Music (Voice) New Haven, CT native, Dr. Tiffany Ren\u00e9e Jackson, is a groundbreaking multidisciplinary artist. She has excelled in the classical and jazz [&hellip;]<\/p>\n<div class=\"pvc_clear\"><\/div>\n<p id=\"pvc_stats_3114\" class=\"pvc_stats all  \" data-element-id=\"3114\" style=\"\"><i class=\"pvc-stats-icon medium\" aria-hidden=\"true\"><svg aria-hidden=\"true\" focusable=\"false\" data-prefix=\"far\" data-icon=\"chart-bar\" role=\"img\" xmlns=\"http:\/\/www.w3.org\/2000\/svg\" viewBox=\"0 0 512 512\" class=\"svg-inline--fa fa-chart-bar fa-w-16 fa-2x\"><path fill=\"currentColor\" d=\"M396.8 352h22.4c6.4 0 12.8-6.4 12.8-12.8V108.8c0-6.4-6.4-12.8-12.8-12.8h-22.4c-6.4 0-12.8 6.4-12.8 12.8v230.4c0 6.4 6.4 12.8 12.8 12.8zm-192 0h22.4c6.4 0 12.8-6.4 12.8-12.8V140.8c0-6.4-6.4-12.8-12.8-12.8h-22.4c-6.4 0-12.8 6.4-12.8 12.8v198.4c0 6.4 6.4 12.8 12.8 12.8zm96 0h22.4c6.4 0 12.8-6.4 12.8-12.8V204.8c0-6.4-6.4-12.8-12.8-12.8h-22.4c-6.4 0-12.8 6.4-12.8 12.8v134.4c0 6.4 6.4 12.8 12.8 12.8zM496 400H48V80c0-8.84-7.16-16-16-16H16C7.16 64 0 71.16 0 80v336c0 17.67 14.33 32 32 32h464c8.84 0 16-7.16 16-16v-16c0-8.84-7.16-16-16-16zm-387.2-48h22.4c6.4 0 12.8-6.4 12.8-12.8v-70.4c0-6.4-6.4-12.8-12.8-12.8h-22.4c-6.4 0-12.8 6.4-12.8 12.8v70.4c0 6.4 6.4 12.8 12.8 12.8z\" class=\"\"><\/path><\/svg><\/i> <img decoding=\"async\" width=\"16\" height=\"16\" alt=\"Loading\" src=\"https:\/\/home.hamptonu.edu\/libarts\/wp-content\/plugins\/page-views-count\/ajax-loader-2x.gif\" border=0 \/><\/p>\n<div class=\"pvc_clear\"><\/div>\n","protected":false},"author":119,"featured_media":0,"parent":367,"menu_order":0,"comment_status":"closed","ping_status":"closed","template":"","meta":{"site-sidebar-layout":"no-sidebar","site-content-layout":"page-builder","ast-site-content-layout":"default","site-content-style":"default","site-sidebar-style":"default","ast-global-header-display":"","ast-banner-title-visibility":"","ast-main-header-display":"","ast-hfb-above-header-display":"","ast-hfb-below-header-display":"","ast-hfb-mobile-header-display":"","site-post-title":"disabled","ast-breadcrumbs-content":"","ast-featured-img":"disabled","footer-sml-layout":"","theme-transparent-header-meta":"","adv-header-id-meta":"","stick-header-meta":"","header-above-stick-meta":"","header-main-stick-meta":"","header-below-stick-meta":"","astra-migrate-meta-layouts":"default","ast-page-background-enabled":"default","ast-page-background-meta":{"desktop":{"background-color":"var(--ast-global-color-4)","background-image":"","background-repeat":"repeat","background-position":"center center","background-size":"auto","background-attachment":"scroll","background-type":"","background-media":"","overlay-type":"","overlay-color":"","overlay-opacity":"","overlay-gradient":""},"tablet":{"background-color":"","background-image":"","background-repeat":"repeat","background-position":"center center","background-size":"auto","background-attachment":"scroll","background-type":"","background-media":"","overlay-type":"","overlay-color":"","overlay-opacity":"","overlay-gradient":""},"mobile":{"background-color":"","background-image":"","background-repeat":"repeat","background-position":"center center","background-size":"auto","background-attachment":"scroll","background-type":"","background-media":"","overlay-type":"","overlay-color":"","overlay-opacity":"","overlay-gradient":""}},"ast-content-background-meta":{"desktop":{"background-color":"var(--ast-global-color-5)","background-image":"","background-repeat":"repeat","background-position":"center center","background-size":"auto","background-attachment":"scroll","background-type":"","background-media":"","overlay-type":"","overlay-color":"","overlay-opacity":"","overlay-gradient":""},"tablet":{"background-color":"var(--ast-global-color-5)","background-image":"","background-repeat":"repeat","background-position":"center center","background-size":"auto","background-attachment":"scroll","background-type":"","background-media":"","overlay-type":"","overlay-color":"","overlay-opacity":"","overlay-gradient":""},"mobile":{"background-color":"var(--ast-global-color-5)","background-image":"","background-repeat":"repeat","background-position":"center center","background-size":"auto","background-attachment":"scroll","background-type":"","background-media":"","overlay-type":"","overlay-color":"","overlay-opacity":"","overlay-gradient":""}},"_mc_calendar":[],"footnotes":""},"class_list":["post-3114","page","type-page","status-publish","hentry"],"yoast_head":"<!-- This site is optimized with the Yoast SEO plugin v27.3 - https:\/\/yoast.com\/product\/yoast-seo-wordpress\/ -->\n<title>Tiffany Ren\u00e9e Jackson - School of Liberal Arts<\/title>\n<meta name=\"robots\" content=\"index, follow, max-snippet:-1, max-image-preview:large, max-video-preview:-1\" \/>\n<link rel=\"canonical\" href=\"https:\/\/home.hamptonu.edu\/libarts\/music\/tiffany-renee-jackson\/\" \/>\n<meta property=\"og:locale\" content=\"en_US\" \/>\n<meta property=\"og:type\" content=\"article\" \/>\n<meta property=\"og:title\" content=\"Tiffany Ren\u00e9e Jackson - School of Liberal Arts\" \/>\n<meta property=\"og:description\" content=\"Dr. Tiffany Ren\u00e9e Jackson Assistant Professor of Music (Voice) New Haven, CT native, Dr. Tiffany Ren\u00e9e Jackson, is a groundbreaking multidisciplinary artist. She has excelled in the classical and jazz [&hellip;]\" \/>\n<meta property=\"og:url\" content=\"https:\/\/home.hamptonu.edu\/libarts\/music\/tiffany-renee-jackson\/\" \/>\n<meta property=\"og:site_name\" content=\"School of Liberal Arts\" \/>\n<meta property=\"article:modified_time\" content=\"2023-09-04T15:57:26+00:00\" \/>\n<meta property=\"og:image\" content=\"https:\/\/home.hamptonu.edu\/libarts\/wp-content\/uploads\/sites\/45\/2023\/09\/Pic3-1024x907.jpg\" \/>\n<meta name=\"twitter:card\" content=\"summary_large_image\" \/>\n<meta name=\"twitter:label1\" content=\"Est. reading time\" \/>\n\t<meta name=\"twitter:data1\" content=\"2 minutes\" \/>\n<script type=\"application\/ld+json\" class=\"yoast-schema-graph\">{\"@context\":\"https:\\\/\\\/schema.org\",\"@graph\":[{\"@type\":\"WebPage\",\"@id\":\"https:\\\/\\\/home.hamptonu.edu\\\/libarts\\\/music\\\/tiffany-renee-jackson\\\/\",\"url\":\"https:\\\/\\\/home.hamptonu.edu\\\/libarts\\\/music\\\/tiffany-renee-jackson\\\/\",\"name\":\"Tiffany Ren\u00e9e Jackson - School of Liberal Arts\",\"isPartOf\":{\"@id\":\"https:\\\/\\\/home.hamptonu.edu\\\/libarts\\\/#website\"},\"primaryImageOfPage\":{\"@id\":\"https:\\\/\\\/home.hamptonu.edu\\\/libarts\\\/music\\\/tiffany-renee-jackson\\\/#primaryimage\"},\"image\":{\"@id\":\"https:\\\/\\\/home.hamptonu.edu\\\/libarts\\\/music\\\/tiffany-renee-jackson\\\/#primaryimage\"},\"thumbnailUrl\":\"https:\\\/\\\/home.hamptonu.edu\\\/libarts\\\/wp-content\\\/uploads\\\/sites\\\/45\\\/2023\\\/09\\\/Pic3-1024x907.jpg\",\"datePublished\":\"2023-09-04T15:53:37+00:00\",\"dateModified\":\"2023-09-04T15:57:26+00:00\",\"breadcrumb\":{\"@id\":\"https:\\\/\\\/home.hamptonu.edu\\\/libarts\\\/music\\\/tiffany-renee-jackson\\\/#breadcrumb\"},\"inLanguage\":\"en-US\",\"potentialAction\":[{\"@type\":\"ReadAction\",\"target\":[\"https:\\\/\\\/home.hamptonu.edu\\\/libarts\\\/music\\\/tiffany-renee-jackson\\\/\"]}]},{\"@type\":\"ImageObject\",\"inLanguage\":\"en-US\",\"@id\":\"https:\\\/\\\/home.hamptonu.edu\\\/libarts\\\/music\\\/tiffany-renee-jackson\\\/#primaryimage\",\"url\":\"https:\\\/\\\/home.hamptonu.edu\\\/libarts\\\/wp-content\\\/uploads\\\/sites\\\/45\\\/2023\\\/09\\\/Pic3.jpg\",\"contentUrl\":\"https:\\\/\\\/home.hamptonu.edu\\\/libarts\\\/wp-content\\\/uploads\\\/sites\\\/45\\\/2023\\\/09\\\/Pic3.jpg\",\"width\":2048,\"height\":1813},{\"@type\":\"BreadcrumbList\",\"@id\":\"https:\\\/\\\/home.hamptonu.edu\\\/libarts\\\/music\\\/tiffany-renee-jackson\\\/#breadcrumb\",\"itemListElement\":[{\"@type\":\"ListItem\",\"position\":1,\"name\":\"Home\",\"item\":\"https:\\\/\\\/home.hamptonu.edu\\\/libarts\\\/\"},{\"@type\":\"ListItem\",\"position\":2,\"name\":\"Music Home\",\"item\":\"https:\\\/\\\/home.hamptonu.edu\\\/libarts\\\/music\\\/\"},{\"@type\":\"ListItem\",\"position\":3,\"name\":\"Tiffany Ren\u00e9e Jackson\"}]},{\"@type\":\"WebSite\",\"@id\":\"https:\\\/\\\/home.hamptonu.edu\\\/libarts\\\/#website\",\"url\":\"https:\\\/\\\/home.hamptonu.edu\\\/libarts\\\/\",\"name\":\"School of Liberal Arts\",\"description\":\"Hampton University School of Liberal Arts\",\"publisher\":{\"@id\":\"https:\\\/\\\/home.hamptonu.edu\\\/libarts\\\/#organization\"},\"potentialAction\":[{\"@type\":\"SearchAction\",\"target\":{\"@type\":\"EntryPoint\",\"urlTemplate\":\"https:\\\/\\\/home.hamptonu.edu\\\/libarts\\\/?s={search_term_string}\"},\"query-input\":{\"@type\":\"PropertyValueSpecification\",\"valueRequired\":true,\"valueName\":\"search_term_string\"}}],\"inLanguage\":\"en-US\"},{\"@type\":\"Organization\",\"@id\":\"https:\\\/\\\/home.hamptonu.edu\\\/libarts\\\/#organization\",\"name\":\"School of Liberal Arts\",\"url\":\"https:\\\/\\\/home.hamptonu.edu\\\/libarts\\\/\",\"logo\":{\"@type\":\"ImageObject\",\"inLanguage\":\"en-US\",\"@id\":\"https:\\\/\\\/home.hamptonu.edu\\\/libarts\\\/#\\\/schema\\\/logo\\\/image\\\/\",\"url\":\"https:\\\/\\\/home.hamptonu.edu\\\/libarts\\\/wp-content\\\/uploads\\\/sites\\\/45\\\/2025\\\/11\\\/hamptonu_libarts_logo_390x84.png\",\"contentUrl\":\"https:\\\/\\\/home.hamptonu.edu\\\/libarts\\\/wp-content\\\/uploads\\\/sites\\\/45\\\/2025\\\/11\\\/hamptonu_libarts_logo_390x84.png\",\"width\":390,\"height\":84,\"caption\":\"School of Liberal Arts\"},\"image\":{\"@id\":\"https:\\\/\\\/home.hamptonu.edu\\\/libarts\\\/#\\\/schema\\\/logo\\\/image\\\/\"}}]}<\/script>\n<!-- \/ Yoast SEO plugin. -->","yoast_head_json":{"title":"Tiffany Ren\u00e9e Jackson - School of Liberal Arts","robots":{"index":"index","follow":"follow","max-snippet":"max-snippet:-1","max-image-preview":"max-image-preview:large","max-video-preview":"max-video-preview:-1"},"canonical":"https:\/\/home.hamptonu.edu\/libarts\/music\/tiffany-renee-jackson\/","og_locale":"en_US","og_type":"article","og_title":"Tiffany Ren\u00e9e Jackson - School of Liberal Arts","og_description":"Dr. Tiffany Ren\u00e9e Jackson Assistant Professor of Music (Voice) New Haven, CT native, Dr. Tiffany Ren\u00e9e Jackson, is a groundbreaking multidisciplinary artist. She has excelled in the classical and jazz [&hellip;]","og_url":"https:\/\/home.hamptonu.edu\/libarts\/music\/tiffany-renee-jackson\/","og_site_name":"School of Liberal Arts","article_modified_time":"2023-09-04T15:57:26+00:00","og_image":[{"url":"https:\/\/home.hamptonu.edu\/libarts\/wp-content\/uploads\/sites\/45\/2023\/09\/Pic3-1024x907.jpg","type":"","width":"","height":""}],"twitter_card":"summary_large_image","twitter_misc":{"Est. reading time":"2 minutes"},"schema":{"@context":"https:\/\/schema.org","@graph":[{"@type":"WebPage","@id":"https:\/\/home.hamptonu.edu\/libarts\/music\/tiffany-renee-jackson\/","url":"https:\/\/home.hamptonu.edu\/libarts\/music\/tiffany-renee-jackson\/","name":"Tiffany Ren\u00e9e Jackson - School of Liberal Arts","isPartOf":{"@id":"https:\/\/home.hamptonu.edu\/libarts\/#website"},"primaryImageOfPage":{"@id":"https:\/\/home.hamptonu.edu\/libarts\/music\/tiffany-renee-jackson\/#primaryimage"},"image":{"@id":"https:\/\/home.hamptonu.edu\/libarts\/music\/tiffany-renee-jackson\/#primaryimage"},"thumbnailUrl":"https:\/\/home.hamptonu.edu\/libarts\/wp-content\/uploads\/sites\/45\/2023\/09\/Pic3-1024x907.jpg","datePublished":"2023-09-04T15:53:37+00:00","dateModified":"2023-09-04T15:57:26+00:00","breadcrumb":{"@id":"https:\/\/home.hamptonu.edu\/libarts\/music\/tiffany-renee-jackson\/#breadcrumb"},"inLanguage":"en-US","potentialAction":[{"@type":"ReadAction","target":["https:\/\/home.hamptonu.edu\/libarts\/music\/tiffany-renee-jackson\/"]}]},{"@type":"ImageObject","inLanguage":"en-US","@id":"https:\/\/home.hamptonu.edu\/libarts\/music\/tiffany-renee-jackson\/#primaryimage","url":"https:\/\/home.hamptonu.edu\/libarts\/wp-content\/uploads\/sites\/45\/2023\/09\/Pic3.jpg","contentUrl":"https:\/\/home.hamptonu.edu\/libarts\/wp-content\/uploads\/sites\/45\/2023\/09\/Pic3.jpg","width":2048,"height":1813},{"@type":"BreadcrumbList","@id":"https:\/\/home.hamptonu.edu\/libarts\/music\/tiffany-renee-jackson\/#breadcrumb","itemListElement":[{"@type":"ListItem","position":1,"name":"Home","item":"https:\/\/home.hamptonu.edu\/libarts\/"},{"@type":"ListItem","position":2,"name":"Music Home","item":"https:\/\/home.hamptonu.edu\/libarts\/music\/"},{"@type":"ListItem","position":3,"name":"Tiffany Ren\u00e9e Jackson"}]},{"@type":"WebSite","@id":"https:\/\/home.hamptonu.edu\/libarts\/#website","url":"https:\/\/home.hamptonu.edu\/libarts\/","name":"School of Liberal Arts","description":"Hampton University School of Liberal Arts","publisher":{"@id":"https:\/\/home.hamptonu.edu\/libarts\/#organization"},"potentialAction":[{"@type":"SearchAction","target":{"@type":"EntryPoint","urlTemplate":"https:\/\/home.hamptonu.edu\/libarts\/?s={search_term_string}"},"query-input":{"@type":"PropertyValueSpecification","valueRequired":true,"valueName":"search_term_string"}}],"inLanguage":"en-US"},{"@type":"Organization","@id":"https:\/\/home.hamptonu.edu\/libarts\/#organization","name":"School of Liberal Arts","url":"https:\/\/home.hamptonu.edu\/libarts\/","logo":{"@type":"ImageObject","inLanguage":"en-US","@id":"https:\/\/home.hamptonu.edu\/libarts\/#\/schema\/logo\/image\/","url":"https:\/\/home.hamptonu.edu\/libarts\/wp-content\/uploads\/sites\/45\/2025\/11\/hamptonu_libarts_logo_390x84.png","contentUrl":"https:\/\/home.hamptonu.edu\/libarts\/wp-content\/uploads\/sites\/45\/2025\/11\/hamptonu_libarts_logo_390x84.png","width":390,"height":84,"caption":"School of Liberal Arts"},"image":{"@id":"https:\/\/home.hamptonu.edu\/libarts\/#\/schema\/logo\/image\/"}}]}},"jetpack_sharing_enabled":true,"_links":{"self":[{"href":"https:\/\/home.hamptonu.edu\/libarts\/wp-json\/wp\/v2\/pages\/3114","targetHints":{"allow":["GET"]}}],"collection":[{"href":"https:\/\/home.hamptonu.edu\/libarts\/wp-json\/wp\/v2\/pages"}],"about":[{"href":"https:\/\/home.hamptonu.edu\/libarts\/wp-json\/wp\/v2\/types\/page"}],"author":[{"embeddable":true,"href":"https:\/\/home.hamptonu.edu\/libarts\/wp-json\/wp\/v2\/users\/119"}],"replies":[{"embeddable":true,"href":"https:\/\/home.hamptonu.edu\/libarts\/wp-json\/wp\/v2\/comments?post=3114"}],"version-history":[{"count":4,"href":"https:\/\/home.hamptonu.edu\/libarts\/wp-json\/wp\/v2\/pages\/3114\/revisions"}],"predecessor-version":[{"id":3119,"href":"https:\/\/home.hamptonu.edu\/libarts\/wp-json\/wp\/v2\/pages\/3114\/revisions\/3119"}],"up":[{"embeddable":true,"href":"https:\/\/home.hamptonu.edu\/libarts\/wp-json\/wp\/v2\/pages\/367"}],"wp:attachment":[{"href":"https:\/\/home.hamptonu.edu\/libarts\/wp-json\/wp\/v2\/media?parent=3114"}],"curies":[{"name":"wp","href":"https:\/\/api.w.org\/{rel}","templated":true}]}}