{"id":5761,"date":"2023-02-07T22:12:17","date_gmt":"2023-02-07T22:12:17","guid":{"rendered":"https:\/\/home.hamptonu.edu\/science\/?page_id=5761"},"modified":"2023-03-20T11:15:40","modified_gmt":"2023-03-20T15:15:40","slug":"aps-john-anderson","status":"publish","type":"page","link":"https:\/\/home.hamptonu.edu\/science\/aps-john-anderson\/","title":{"rendered":"APS &#8211; John Anderson"},"content":{"rendered":"\t\t<div data-elementor-type=\"wp-page\" data-elementor-id=\"5761\" class=\"elementor elementor-5761\" data-elementor-post-type=\"page\">\n\t\t\t\t\t\t<section class=\"elementor-section elementor-top-section elementor-element elementor-element-77d2731 elementor-section-full_width elementor-section-height-min-height elementor-section-stretched elementor-section-height-default elementor-section-items-middle\" data-id=\"77d2731\" data-element_type=\"section\" data-settings=\"{&quot;background_background&quot;:&quot;classic&quot;,&quot;stretch_section&quot;:&quot;section-stretched&quot;}\">\n\t\t\t\t\t\t<div class=\"elementor-container elementor-column-gap-no\">\n\t\t\t\t\t<div class=\"elementor-column elementor-col-100 elementor-top-column elementor-element elementor-element-178d2fc\" data-id=\"178d2fc\" data-element_type=\"column\">\n\t\t\t<div class=\"elementor-widget-wrap\">\n\t\t\t\t\t\t\t<\/div>\n\t\t<\/div>\n\t\t\t\t\t<\/div>\n\t\t<\/section>\n\t\t\t\t<section class=\"elementor-section elementor-top-section elementor-element elementor-element-e64a282 elementor-section-boxed elementor-section-height-default elementor-section-height-default\" data-id=\"e64a282\" data-element_type=\"section\">\n\t\t\t\t\t\t<div class=\"elementor-container elementor-column-gap-default\">\n\t\t\t\t\t<div class=\"elementor-column elementor-col-100 elementor-top-column elementor-element elementor-element-26e781b\" data-id=\"26e781b\" data-element_type=\"column\">\n\t\t\t<div class=\"elementor-widget-wrap elementor-element-populated\">\n\t\t\t\t\t\t<div class=\"elementor-element elementor-element-9c456d3 elementor-widget elementor-widget-spacer\" data-id=\"9c456d3\" data-element_type=\"widget\" data-widget_type=\"spacer.default\">\n\t\t\t\t<div class=\"elementor-widget-container\">\n\t\t\t\t\t\t\t<div class=\"elementor-spacer\">\n\t\t\t<div class=\"elementor-spacer-inner\"><\/div>\n\t\t<\/div>\n\t\t\t\t\t\t<\/div>\n\t\t\t\t<\/div>\n\t\t\t\t<div class=\"elementor-element elementor-element-4c130a9 elementor-widget elementor-widget-heading\" data-id=\"4c130a9\" data-element_type=\"widget\" data-widget_type=\"heading.default\">\n\t\t\t\t<div class=\"elementor-widget-container\">\n\t\t\t\t\t<h2 class=\"elementor-heading-title elementor-size-default\">John Anderson<\/h2>\t\t\t\t<\/div>\n\t\t\t\t<\/div>\n\t\t\t\t\t<\/div>\n\t\t<\/div>\n\t\t\t\t\t<\/div>\n\t\t<\/section>\n\t\t\t\t<section class=\"elementor-section elementor-top-section elementor-element elementor-element-e993d60 elementor-section-boxed elementor-section-height-default elementor-section-height-default\" data-id=\"e993d60\" data-element_type=\"section\">\n\t\t\t\t\t\t<div class=\"elementor-container elementor-column-gap-default\">\n\t\t\t\t\t<div class=\"elementor-column elementor-col-50 elementor-top-column elementor-element elementor-element-bb89423\" data-id=\"bb89423\" data-element_type=\"column\">\n\t\t\t<div class=\"elementor-widget-wrap elementor-element-populated\">\n\t\t\t\t\t\t<div class=\"elementor-element elementor-element-00b89fa elementor-widget elementor-widget-image\" data-id=\"00b89fa\" data-element_type=\"widget\" data-widget_type=\"image.default\">\n\t\t\t\t<div class=\"elementor-widget-container\">\n\t\t\t\t\t\t\t\t\t\t\t\t<figure class=\"wp-caption\">\n\t\t\t\t\t\t\t\t\t\t<img decoding=\"async\" src=\"https:\/\/home.hamptonu.edu\/science\/wp-content\/uploads\/sites\/47\/2023\/02\/anderson-e1753198159438.jpg\" title=\"anderson\" alt=\"anderson\" loading=\"lazy\" \/>\t\t\t\t\t\t\t\t\t\t\t<figcaption class=\"widget-image-caption wp-caption-text\"><\/figcaption>\n\t\t\t\t\t\t\t\t\t\t<\/figure>\n\t\t\t\t\t\t\t\t\t<\/div>\n\t\t\t\t<\/div>\n\t\t\t\t<div class=\"elementor-element elementor-element-b3d1911 elementor-widget elementor-widget-text-editor\" data-id=\"b3d1911\" data-element_type=\"widget\" data-widget_type=\"text-editor.default\">\n\t\t\t\t<div class=\"elementor-widget-container\">\n\t\t\t\t\t\t\t\t\t<h5>Office: 158 William Harvey Way<\/h5><h5>Phone: 757-727-5106<\/h5><h5>Email: john.anderson@hamptonu.edu<\/h5><h5>\u00a0<\/h5>\t\t\t\t\t\t\t\t<\/div>\n\t\t\t\t<\/div>\n\t\t\t\t\t<\/div>\n\t\t<\/div>\n\t\t\t\t<div class=\"elementor-column elementor-col-25 elementor-top-column elementor-element elementor-element-b422519\" data-id=\"b422519\" data-element_type=\"column\">\n\t\t\t<div class=\"elementor-widget-wrap elementor-element-populated\">\n\t\t\t\t\t\t<div class=\"elementor-element elementor-element-9cd7079 elementor-widget elementor-widget-text-editor\" data-id=\"9cd7079\" data-element_type=\"widget\" data-widget_type=\"text-editor.default\">\n\t\t\t\t<div class=\"elementor-widget-container\">\n\t\t\t\t\t\t\t\t\t<h2><strong>Title<\/strong><\/h2><h4>Associate Research Professor<\/h4><hr \/><h4><strong>Education<\/strong><\/h4><h4>Ph.D. Atmospheric Sciences, North Carolina State University, 1998<\/h4><hr \/><h4><strong>Professional Experience and Research<\/strong><\/h4><p>My\u00a0research interests include validating and analyzing data from satellite-based instruments and developing reference global aerosol and trace-gas climatologies and time series analysis with a special emphasis on trend detection and climate change. My doctoral thesis involved the retrieval of microphysical properties such as size distribution, surface area concentrations, volume concentrations and effective radius from the Stratospheric Aerosol and Gas Experiment (SAGE) II measurements with a special emphasis on Mt. Pinatubo aerosol properties. I\u00a0joined the Center for Atmospheric Sciences (CAS) staff as a post-doctoral research fellow in May of 1998.<\/p><p>I have previously\u00a0merged trace-gas records measured by the SAGE II, Aura Microwave Limb Sounder (MLS), Atmospheric Chemistry Experiment Fourier Transform Spectrometer (ACE-FTS), and the Halogen Occultation Experiment (HALOE) instruments as part of the NASA MEaSUREs Global OZone Chemistry And Related trace gas Data records for the Stratosphere (GOZCARDS) project [see Froidevaux et. al (2016) for details]. The purpose of the project was to create composite data records of trace gases important in stratospheric ozone chemistry. Composite data records are useful in principle due to the fact that they are sufficiently long enough to exhibit changes (such as ozone recovery) over decadal time scales, provide boundary conditions for Global Climate Model (GCM) simulations, and they are a vital tool in validating Chemistry Climate Model (CCM) simulations. The GOZCARDS project spanning from 1978 through the present created one such composite ozone record. The GOZCARDS composite ozone record is constructed of measurements from SAGE I, SAGE II, HALogen Occultation Experiment (HALOE), ACE-FTS, MLS on the Upper Atmosphere Research Satellite (UARS) and Aura. The GOZCARDS team also developed a Hydrogen Chloride (HCl) composite data record constructed from HALOE, ACE-FTS, and Aura MLS measurements. This record has proven to be useful in corroborating northern hemisphere HCl increases due to atmospheric circulation changes as measured by column-based Fourier Transform Thermal Infrared Spectroscopy (FTIR) measurements made at various NDACC locations and SLIMCAT model results (Mahieu et al., 2014). Furthermore, GOZCARDS ozone data were used in a study by Ball et. Al (2018) that showed surprising decreases in lower stratospheric ozone since 1998.<\/p><p>I have participated in the SPARC Data Initiative where trace-gas and aerosol climatologies from HALOE were constructed for comparison with other satellite data sets. I am also the Deputy Campus PI on the NOAA EPP Cooperative Science Center for Earth System Science Remote Sensing Technology (CESSRST II).<\/p><h4><strong>Recent Publications (2020-present)<\/strong><\/h4><div><ol><li>Weber, W. Steinbrecht, C. Arosio, R. van der A, S. M. Frith, J. Anderson, L. M. Ciasto, M. Coldewey-Egbers, S. Davis, D. Degenstein, V. E. Fioletov, L. Froidevaux, D. Hubert, D. Loyola, C. Roth, A. Rozanov, V. Sofieva, K. Tourpali, R. Wang, and J. D. Wild: Stratospheric Ozone [in \u201cState of the Climate in 2021\u201c]. Bull. Amer. Meteor. Soc., 103 (8), S90\u2013S92, https:\/\/doi.org\/10.1175\/ BAMS-D-22-0092.1, 2022.<\/li><li>Hegglin, M. I., Tegtmeier, S., Anderson, J<span style=\"font-size: 16px\">., Bourassa, A. E., Brohede, S., Degenstein, D., Froidevaux, L., Funke, B., Gille, J., Kasai, Y., Kyr\u00f6l\u00e4, E. T., Lumpe, J., Murtagh, D., Neu, J. L., P\u00e9rot, K., Remsberg, E. E., Rozanov, A., Toohey, M., Urban, J., von Clarmann, T., Walker, K. A., Wang, H.-J., Arosio, C., Damadeo, R., Fuller, R. A., Lingenfelser, G., McLinden, C., Pendlebury, D., Roth, C., Ryan, N. J., Sioris, C., Smith, L., and Weigel, K.: Overview and update of the SPARC Data Initiative: comparison of stratospheric composition measurements from satellite limb sounders, Earth Syst. Sci. Data, 13, 1855\u20131903, https:\/\/doi.org\/10.5194\/essd-13-1855-2021, 2021.<\/span><\/li><li>McCormick, M. P., Lei, L., Hill, M. T., Anderson, J<span style=\"font-size: 16px\">., Querel, R., and Steinbrecht, W.: Early results and validation of SAGE III-ISS ozone profile measurements from onboard the International Space Station, Atmos. Meas. Tech., 13, 1287\u20131297, https:\/\/doi.org\/10.5194\/amt-13-1287-2020, 2020.r<\/span><\/li><\/ol><\/div>\t\t\t\t\t\t\t\t<\/div>\n\t\t\t\t<\/div>\n\t\t\t\t\t<\/div>\n\t\t<\/div>\n\t\t\t\t<div class=\"elementor-column elementor-col-25 elementor-top-column elementor-element elementor-element-90ffc61\" data-id=\"90ffc61\" data-element_type=\"column\">\n\t\t\t<div class=\"elementor-widget-wrap elementor-element-populated\">\n\t\t\t\t\t\t<div class=\"elementor-element elementor-element-9b22ca8 elementor-icon-list--layout-traditional elementor-list-item-link-full_width elementor-widget elementor-widget-icon-list\" data-id=\"9b22ca8\" data-element_type=\"widget\" data-widget_type=\"icon-list.default\">\n\t\t\t\t<div class=\"elementor-widget-container\">\n\t\t\t\t\t\t\t<ul class=\"elementor-icon-list-items\">\n\t\t\t\t\t\t\t<li class=\"elementor-icon-list-item\">\n\t\t\t\t\t\t\t\t\t\t\t<a href=\"https:\/\/home.hamptonu.edu\/science\/atmospheric-planetary-sciences\">\n\n\t\t\t\t\t\t\t\t\t\t\t<span class=\"elementor-icon-list-text\">APS Home<\/span>\n\t\t\t\t\t\t\t\t\t\t\t<\/a>\n\t\t\t\t\t\t\t\t\t<\/li>\n\t\t\t\t\t\t\t\t<li class=\"elementor-icon-list-item\">\n\t\t\t\t\t\t\t\t\t\t\t<a href=\"https:\/\/home.hamptonu.edu\/science\/aps-announcements\">\n\n\t\t\t\t\t\t\t\t\t\t\t<span class=\"elementor-icon-list-text\">Announcements &amp; News<\/span>\n\t\t\t\t\t\t\t\t\t\t\t<\/a>\n\t\t\t\t\t\t\t\t\t<\/li>\n\t\t\t\t\t\t\t\t<li class=\"elementor-icon-list-item\">\n\t\t\t\t\t\t\t\t\t\t\t<a href=\"https:\/\/home.hamptonu.edu\/science\/aps-degree-programs\">\n\n\t\t\t\t\t\t\t\t\t\t\t<span class=\"elementor-icon-list-text\">APS Degree Programs<\/span>\n\t\t\t\t\t\t\t\t\t\t\t<\/a>\n\t\t\t\t\t\t\t\t\t<\/li>\n\t\t\t\t\t\t\t\t<li class=\"elementor-icon-list-item\">\n\t\t\t\t\t\t\t\t\t\t\t<a href=\"https:\/\/home.hamptonu.edu\/science\/aps-faculty-staff\">\n\n\t\t\t\t\t\t\t\t\t\t\t<span class=\"elementor-icon-list-text\">APS Faculty &amp; Staff<\/span>\n\t\t\t\t\t\t\t\t\t\t\t<\/a>\n\t\t\t\t\t\t\t\t\t<\/li>\n\t\t\t\t\t\t\t\t<li class=\"elementor-icon-list-item\">\n\t\t\t\t\t\t\t\t\t\t\t<a href=\"https:\/\/home.hamptonu.edu\/science\/aps-facilities-and-research\">\n\n\t\t\t\t\t\t\t\t\t\t\t<span class=\"elementor-icon-list-text\">APS Facilities and Research<\/span>\n\t\t\t\t\t\t\t\t\t\t\t<\/a>\n\t\t\t\t\t\t\t\t\t<\/li>\n\t\t\t\t\t\t\t\t<li class=\"elementor-icon-list-item\">\n\t\t\t\t\t\t\t\t\t\t\t<a href=\"https:\/\/home.hamptonu.edu\/science\/aps-summer-program\">\n\n\t\t\t\t\t\t\t\t\t\t\t<span class=\"elementor-icon-list-text\">APS Summer Program<\/span>\n\t\t\t\t\t\t\t\t\t\t\t<\/a>\n\t\t\t\t\t\t\t\t\t<\/li>\n\t\t\t\t\t\t\t\t<li class=\"elementor-icon-list-item\">\n\t\t\t\t\t\t\t\t\t\t\t<a href=\"https:\/\/home.hamptonu.edu\/science\/aps-partners-and-sponsors\">\n\n\t\t\t\t\t\t\t\t\t\t\t<span class=\"elementor-icon-list-text\">APS Partners and Sponsors<\/span>\n\t\t\t\t\t\t\t\t\t\t\t<\/a>\n\t\t\t\t\t\t\t\t\t<\/li>\n\t\t\t\t\t\t<\/ul>\n\t\t\t\t\t\t<\/div>\n\t\t\t\t<\/div>\n\t\t\t\t\t<\/div>\n\t\t<\/div>\n\t\t\t\t\t<\/div>\n\t\t<\/section>\n\t\t\t\t<\/div>\n\t\t","protected":false},"excerpt":{"rendered":"<p>John Anderson Office: 158 William Harvey Way Phone: 757-727-5106 Email: john.anderson@hamptonu.edu \u00a0 Title Associate Research Professor Education Ph.D. Atmospheric Sciences, North Carolina State University, 1998 Professional Experience and Research My\u00a0research interests include validating and analyzing data from satellite-based instruments and developing reference global aerosol and trace-gas climatologies and time series analysis with a special emphasis [&hellip;]<\/p>\n","protected":false},"author":134,"featured_media":0,"parent":0,"menu_order":0,"comment_status":"closed","ping_status":"closed","template":"","meta":{"_acf_changed":false,"site-sidebar-layout":"no-sidebar","site-content-layout":"page-builder","ast-site-content-layout":"default","site-content-style":"default","site-sidebar-style":"default","ast-global-header-display":"","ast-banner-title-visibility":"","ast-main-header-display":"","ast-hfb-above-header-display":"","ast-hfb-below-header-display":"","ast-hfb-mobile-header-display":"","site-post-title":"disabled","ast-breadcrumbs-content":"","ast-featured-img":"disabled","footer-sml-layout":"","theme-transparent-header-meta":"","adv-header-id-meta":"","stick-header-meta":"","header-above-stick-meta":"","header-main-stick-meta":"","header-below-stick-meta":"","astra-migrate-meta-layouts":"default","ast-page-background-enabled":"default","ast-page-background-meta":{"desktop":{"background-color":"","background-image":"","background-repeat":"repeat","background-position":"center center","background-size":"auto","background-attachment":"scroll","background-type":"","background-media":"","overlay-type":"","overlay-color":"","overlay-opacity":"","overlay-gradient":""},"tablet":{"background-color":"","background-image":"","background-repeat":"repeat","background-position":"center center","background-size":"auto","background-attachment":"scroll","background-type":"","background-media":"","overlay-type":"","overlay-color":"","overlay-opacity":"","overlay-gradient":""},"mobile":{"background-color":"","background-image":"","background-repeat":"repeat","background-position":"center center","background-size":"auto","background-attachment":"scroll","background-type":"","background-media":"","overlay-type":"","overlay-color":"","overlay-opacity":"","overlay-gradient":""}},"ast-content-background-meta":{"desktop":{"background-color":"var(--ast-global-color-5)","background-image":"","background-repeat":"repeat","background-position":"center center","background-size":"auto","background-attachment":"scroll","background-type":"","background-media":"","overlay-type":"","overlay-color":"","overlay-opacity":"","overlay-gradient":""},"tablet":{"background-color":"var(--ast-global-color-5)","background-image":"","background-repeat":"repeat","background-position":"center center","background-size":"auto","background-attachment":"scroll","background-type":"","background-media":"","overlay-type":"","overlay-color":"","overlay-opacity":"","overlay-gradient":""},"mobile":{"background-color":"var(--ast-global-color-5)","background-image":"","background-repeat":"repeat","background-position":"center center","background-size":"auto","background-attachment":"scroll","background-type":"","background-media":"","overlay-type":"","overlay-color":"","overlay-opacity":"","overlay-gradient":""}},"_mc_calendar":[],"footnotes":""},"class_list":["post-5761","page","type-page","status-publish","hentry"],"yoast_head":"<!-- This site is optimized with the Yoast SEO plugin v27.3 - https:\/\/yoast.com\/product\/yoast-seo-wordpress\/ -->\n<title>APS - John Anderson - School Of Science<\/title>\n<meta name=\"robots\" content=\"index, follow, max-snippet:-1, max-image-preview:large, max-video-preview:-1\" \/>\n<link rel=\"canonical\" href=\"https:\/\/home.hamptonu.edu\/science\/aps-john-anderson\/\" \/>\n<meta property=\"og:locale\" content=\"en_US\" \/>\n<meta property=\"og:type\" content=\"article\" \/>\n<meta property=\"og:title\" content=\"APS - John Anderson - School Of Science\" \/>\n<meta property=\"og:description\" content=\"John Anderson Office: 158 William Harvey Way Phone: 757-727-5106 Email: john.anderson@hamptonu.edu \u00a0 Title Associate Research Professor Education Ph.D. Atmospheric Sciences, North Carolina State University, 1998 Professional Experience and Research My\u00a0research interests include validating and analyzing data from satellite-based instruments and developing reference global aerosol and trace-gas climatologies and time series analysis with a special emphasis [&hellip;]\" \/>\n<meta property=\"og:url\" content=\"https:\/\/home.hamptonu.edu\/science\/aps-john-anderson\/\" \/>\n<meta property=\"og:site_name\" content=\"School Of Science\" \/>\n<meta property=\"article:modified_time\" content=\"2023-03-20T15:15:40+00:00\" \/>\n<meta property=\"og:image\" content=\"https:\/\/home.hamptonu.edu\/science\/wp-content\/uploads\/sites\/47\/elementor\/thumbs\/anderson-q2b6eivb8qy22ycx9zafybj91tj1pc9vcobjnwgkg8.jpg\" \/>\n<meta name=\"twitter:card\" content=\"summary_large_image\" \/>\n<meta name=\"twitter:label1\" content=\"Est. reading time\" \/>\n\t<meta name=\"twitter:data1\" content=\"3 minutes\" \/>\n<script type=\"application\/ld+json\" class=\"yoast-schema-graph\">{\"@context\":\"https:\\\/\\\/schema.org\",\"@graph\":[{\"@type\":\"WebPage\",\"@id\":\"https:\\\/\\\/home.hamptonu.edu\\\/science\\\/aps-john-anderson\\\/\",\"url\":\"https:\\\/\\\/home.hamptonu.edu\\\/science\\\/aps-john-anderson\\\/\",\"name\":\"APS - John Anderson - School Of Science\",\"isPartOf\":{\"@id\":\"https:\\\/\\\/home.hamptonu.edu\\\/science\\\/#website\"},\"primaryImageOfPage\":{\"@id\":\"https:\\\/\\\/home.hamptonu.edu\\\/science\\\/aps-john-anderson\\\/#primaryimage\"},\"image\":{\"@id\":\"https:\\\/\\\/home.hamptonu.edu\\\/science\\\/aps-john-anderson\\\/#primaryimage\"},\"thumbnailUrl\":\"https:\\\/\\\/home.hamptonu.edu\\\/science\\\/wp-content\\\/uploads\\\/sites\\\/47\\\/elementor\\\/thumbs\\\/anderson-q2b6eivb8qy22ycx9zafybj91tj1pc9vcobjnwgkg8.jpg\",\"datePublished\":\"2023-02-07T22:12:17+00:00\",\"dateModified\":\"2023-03-20T15:15:40+00:00\",\"breadcrumb\":{\"@id\":\"https:\\\/\\\/home.hamptonu.edu\\\/science\\\/aps-john-anderson\\\/#breadcrumb\"},\"inLanguage\":\"en-US\",\"potentialAction\":[{\"@type\":\"ReadAction\",\"target\":[\"https:\\\/\\\/home.hamptonu.edu\\\/science\\\/aps-john-anderson\\\/\"]}]},{\"@type\":\"ImageObject\",\"inLanguage\":\"en-US\",\"@id\":\"https:\\\/\\\/home.hamptonu.edu\\\/science\\\/aps-john-anderson\\\/#primaryimage\",\"url\":\"https:\\\/\\\/home.hamptonu.edu\\\/science\\\/wp-content\\\/uploads\\\/sites\\\/47\\\/elementor\\\/thumbs\\\/anderson-q2b6eivb8qy22ycx9zafybj91tj1pc9vcobjnwgkg8.jpg\",\"contentUrl\":\"https:\\\/\\\/home.hamptonu.edu\\\/science\\\/wp-content\\\/uploads\\\/sites\\\/47\\\/elementor\\\/thumbs\\\/anderson-q2b6eivb8qy22ycx9zafybj91tj1pc9vcobjnwgkg8.jpg\"},{\"@type\":\"BreadcrumbList\",\"@id\":\"https:\\\/\\\/home.hamptonu.edu\\\/science\\\/aps-john-anderson\\\/#breadcrumb\",\"itemListElement\":[{\"@type\":\"ListItem\",\"position\":1,\"name\":\"Home\",\"item\":\"https:\\\/\\\/home.hamptonu.edu\\\/science\\\/\"},{\"@type\":\"ListItem\",\"position\":2,\"name\":\"APS &#8211; John Anderson\"}]},{\"@type\":\"WebSite\",\"@id\":\"https:\\\/\\\/home.hamptonu.edu\\\/science\\\/#website\",\"url\":\"https:\\\/\\\/home.hamptonu.edu\\\/science\\\/\",\"name\":\"School Of Science\",\"description\":\"School of Science\",\"publisher\":{\"@id\":\"https:\\\/\\\/home.hamptonu.edu\\\/science\\\/#organization\"},\"potentialAction\":[{\"@type\":\"SearchAction\",\"target\":{\"@type\":\"EntryPoint\",\"urlTemplate\":\"https:\\\/\\\/home.hamptonu.edu\\\/science\\\/?s={search_term_string}\"},\"query-input\":{\"@type\":\"PropertyValueSpecification\",\"valueRequired\":true,\"valueName\":\"search_term_string\"}}],\"inLanguage\":\"en-US\"},{\"@type\":\"Organization\",\"@id\":\"https:\\\/\\\/home.hamptonu.edu\\\/science\\\/#organization\",\"name\":\"School Of Science\",\"url\":\"https:\\\/\\\/home.hamptonu.edu\\\/science\\\/\",\"logo\":{\"@type\":\"ImageObject\",\"inLanguage\":\"en-US\",\"@id\":\"https:\\\/\\\/home.hamptonu.edu\\\/science\\\/#\\\/schema\\\/logo\\\/image\\\/\",\"url\":\"https:\\\/\\\/home.hamptonu.edu\\\/science\\\/wp-content\\\/uploads\\\/sites\\\/47\\\/2025\\\/03\\\/cropped-cropped-cropped-school_of_science_rgb_1054x250.png\",\"contentUrl\":\"https:\\\/\\\/home.hamptonu.edu\\\/science\\\/wp-content\\\/uploads\\\/sites\\\/47\\\/2025\\\/03\\\/cropped-cropped-cropped-school_of_science_rgb_1054x250.png\",\"width\":1052,\"height\":248,\"caption\":\"School Of Science\"},\"image\":{\"@id\":\"https:\\\/\\\/home.hamptonu.edu\\\/science\\\/#\\\/schema\\\/logo\\\/image\\\/\"}}]}<\/script>\n<!-- \/ Yoast SEO plugin. -->","yoast_head_json":{"title":"APS - John Anderson - School Of Science","robots":{"index":"index","follow":"follow","max-snippet":"max-snippet:-1","max-image-preview":"max-image-preview:large","max-video-preview":"max-video-preview:-1"},"canonical":"https:\/\/home.hamptonu.edu\/science\/aps-john-anderson\/","og_locale":"en_US","og_type":"article","og_title":"APS - John Anderson - School Of Science","og_description":"John Anderson Office: 158 William Harvey Way Phone: 757-727-5106 Email: john.anderson@hamptonu.edu \u00a0 Title Associate Research Professor Education Ph.D. Atmospheric Sciences, North Carolina State University, 1998 Professional Experience and Research My\u00a0research interests include validating and analyzing data from satellite-based instruments and developing reference global aerosol and trace-gas climatologies and time series analysis with a special emphasis [&hellip;]","og_url":"https:\/\/home.hamptonu.edu\/science\/aps-john-anderson\/","og_site_name":"School Of Science","article_modified_time":"2023-03-20T15:15:40+00:00","og_image":[{"url":"https:\/\/home.hamptonu.edu\/science\/wp-content\/uploads\/sites\/47\/elementor\/thumbs\/anderson-q2b6eivb8qy22ycx9zafybj91tj1pc9vcobjnwgkg8.jpg","type":"","width":"","height":""}],"twitter_card":"summary_large_image","twitter_misc":{"Est. reading time":"3 minutes"},"schema":{"@context":"https:\/\/schema.org","@graph":[{"@type":"WebPage","@id":"https:\/\/home.hamptonu.edu\/science\/aps-john-anderson\/","url":"https:\/\/home.hamptonu.edu\/science\/aps-john-anderson\/","name":"APS - John Anderson - School Of Science","isPartOf":{"@id":"https:\/\/home.hamptonu.edu\/science\/#website"},"primaryImageOfPage":{"@id":"https:\/\/home.hamptonu.edu\/science\/aps-john-anderson\/#primaryimage"},"image":{"@id":"https:\/\/home.hamptonu.edu\/science\/aps-john-anderson\/#primaryimage"},"thumbnailUrl":"https:\/\/home.hamptonu.edu\/science\/wp-content\/uploads\/sites\/47\/elementor\/thumbs\/anderson-q2b6eivb8qy22ycx9zafybj91tj1pc9vcobjnwgkg8.jpg","datePublished":"2023-02-07T22:12:17+00:00","dateModified":"2023-03-20T15:15:40+00:00","breadcrumb":{"@id":"https:\/\/home.hamptonu.edu\/science\/aps-john-anderson\/#breadcrumb"},"inLanguage":"en-US","potentialAction":[{"@type":"ReadAction","target":["https:\/\/home.hamptonu.edu\/science\/aps-john-anderson\/"]}]},{"@type":"ImageObject","inLanguage":"en-US","@id":"https:\/\/home.hamptonu.edu\/science\/aps-john-anderson\/#primaryimage","url":"https:\/\/home.hamptonu.edu\/science\/wp-content\/uploads\/sites\/47\/elementor\/thumbs\/anderson-q2b6eivb8qy22ycx9zafybj91tj1pc9vcobjnwgkg8.jpg","contentUrl":"https:\/\/home.hamptonu.edu\/science\/wp-content\/uploads\/sites\/47\/elementor\/thumbs\/anderson-q2b6eivb8qy22ycx9zafybj91tj1pc9vcobjnwgkg8.jpg"},{"@type":"BreadcrumbList","@id":"https:\/\/home.hamptonu.edu\/science\/aps-john-anderson\/#breadcrumb","itemListElement":[{"@type":"ListItem","position":1,"name":"Home","item":"https:\/\/home.hamptonu.edu\/science\/"},{"@type":"ListItem","position":2,"name":"APS &#8211; John Anderson"}]},{"@type":"WebSite","@id":"https:\/\/home.hamptonu.edu\/science\/#website","url":"https:\/\/home.hamptonu.edu\/science\/","name":"School Of Science","description":"School of Science","publisher":{"@id":"https:\/\/home.hamptonu.edu\/science\/#organization"},"potentialAction":[{"@type":"SearchAction","target":{"@type":"EntryPoint","urlTemplate":"https:\/\/home.hamptonu.edu\/science\/?s={search_term_string}"},"query-input":{"@type":"PropertyValueSpecification","valueRequired":true,"valueName":"search_term_string"}}],"inLanguage":"en-US"},{"@type":"Organization","@id":"https:\/\/home.hamptonu.edu\/science\/#organization","name":"School Of Science","url":"https:\/\/home.hamptonu.edu\/science\/","logo":{"@type":"ImageObject","inLanguage":"en-US","@id":"https:\/\/home.hamptonu.edu\/science\/#\/schema\/logo\/image\/","url":"https:\/\/home.hamptonu.edu\/science\/wp-content\/uploads\/sites\/47\/2025\/03\/cropped-cropped-cropped-school_of_science_rgb_1054x250.png","contentUrl":"https:\/\/home.hamptonu.edu\/science\/wp-content\/uploads\/sites\/47\/2025\/03\/cropped-cropped-cropped-school_of_science_rgb_1054x250.png","width":1052,"height":248,"caption":"School Of Science"},"image":{"@id":"https:\/\/home.hamptonu.edu\/science\/#\/schema\/logo\/image\/"}}]}},"acf":[],"_links":{"self":[{"href":"https:\/\/home.hamptonu.edu\/science\/wp-json\/wp\/v2\/pages\/5761","targetHints":{"allow":["GET"]}}],"collection":[{"href":"https:\/\/home.hamptonu.edu\/science\/wp-json\/wp\/v2\/pages"}],"about":[{"href":"https:\/\/home.hamptonu.edu\/science\/wp-json\/wp\/v2\/types\/page"}],"author":[{"embeddable":true,"href":"https:\/\/home.hamptonu.edu\/science\/wp-json\/wp\/v2\/users\/134"}],"replies":[{"embeddable":true,"href":"https:\/\/home.hamptonu.edu\/science\/wp-json\/wp\/v2\/comments?post=5761"}],"version-history":[{"count":31,"href":"https:\/\/home.hamptonu.edu\/science\/wp-json\/wp\/v2\/pages\/5761\/revisions"}],"predecessor-version":[{"id":6456,"href":"https:\/\/home.hamptonu.edu\/science\/wp-json\/wp\/v2\/pages\/5761\/revisions\/6456"}],"wp:attachment":[{"href":"https:\/\/home.hamptonu.edu\/science\/wp-json\/wp\/v2\/media?parent=5761"}],"curies":[{"name":"wp","href":"https:\/\/api.w.org\/{rel}","templated":true}]}}