{"id":8283,"date":"2024-03-21T09:39:26","date_gmt":"2024-03-21T13:39:26","guid":{"rendered":"https:\/\/home.hamptonu.edu\/science\/?page_id=8283"},"modified":"2025-12-25T23:40:58","modified_gmt":"2025-12-26T04:40:58","slug":"dr-michael-kohl-bio","status":"publish","type":"page","link":"https:\/\/home.hamptonu.edu\/science\/dr-michael-kohl-bio\/","title":{"rendered":"Dr. Michael Kohl Bio"},"content":{"rendered":"\t\t<div data-elementor-type=\"wp-page\" data-elementor-id=\"8283\" class=\"elementor elementor-8283\" data-elementor-post-type=\"page\">\n\t\t\t\t\t\t<section class=\"elementor-section elementor-top-section elementor-element elementor-element-43c791a elementor-section-boxed elementor-section-height-default elementor-section-height-default\" data-id=\"43c791a\" data-element_type=\"section\">\n\t\t\t\t\t\t<div class=\"elementor-container elementor-column-gap-default\">\n\t\t\t\t\t<div class=\"elementor-column elementor-col-50 elementor-top-column elementor-element elementor-element-708ae58\" data-id=\"708ae58\" data-element_type=\"column\">\n\t\t\t<div class=\"elementor-widget-wrap elementor-element-populated\">\n\t\t\t\t\t\t<div class=\"elementor-element elementor-element-d9bffab elementor-widget elementor-widget-image\" data-id=\"d9bffab\" data-element_type=\"widget\" data-widget_type=\"image.default\">\n\t\t\t\t<div class=\"elementor-widget-container\">\n\t\t\t\t\t\t\t\t\t\t\t\t\t\t\t<img decoding=\"async\" src=\"https:\/\/img2.hamptonu.edu\/profile\/kohl_michael.jpg\" title=\"\" alt=\"\" loading=\"lazy\" \/>\t\t\t\t\t\t\t\t\t\t\t\t\t\t\t<\/div>\n\t\t\t\t<\/div>\n\t\t\t\t<div class=\"elementor-element elementor-element-7bcae91 elementor-widget elementor-widget-heading\" data-id=\"7bcae91\" data-element_type=\"widget\" data-widget_type=\"heading.default\">\n\t\t\t\t<div class=\"elementor-widget-container\">\n\t\t\t\t\t<h2 class=\"elementor-heading-title elementor-size-default\"><b>Contact<\/b><\/h2>\t\t\t\t<\/div>\n\t\t\t\t<\/div>\n\t\t\t\t<div class=\"elementor-element elementor-element-0e704e0 elementor-widget-divider--view-line elementor-widget elementor-widget-divider\" data-id=\"0e704e0\" data-element_type=\"widget\" data-widget_type=\"divider.default\">\n\t\t\t\t<div class=\"elementor-widget-container\">\n\t\t\t\t\t\t\t<div class=\"elementor-divider\">\n\t\t\t<span class=\"elementor-divider-separator\">\n\t\t\t\t\t\t<\/span>\n\t\t<\/div>\n\t\t\t\t\t\t<\/div>\n\t\t\t\t<\/div>\n\t\t\t\t<div class=\"elementor-element elementor-element-0ce948c elementor-widget elementor-widget-text-editor\" data-id=\"0ce948c\" data-element_type=\"widget\" data-widget_type=\"text-editor.default\">\n\t\t\t\t<div class=\"elementor-widget-container\">\n\t\t\t\t\t\t\t\t\t<p><b>E-mail:<a style=\"font-family: -apple-system, BlinkMacSystemFont, 'Segoe UI', Roboto, Oxygen-Sans, Ubuntu, Cantarell, 'Helvetica Neue', sans-serif;font-size: 1rem;background-color: #ffffff\" href=\"mailto:jaetae.seo@hamptonu.edu\">\u00a0<\/a><\/b><br \/><a href=\"mailto:michael.kohl@hamptonu.edu\">michael.kohl@hamptonu.edu<\/a><\/p><p><b>Location: <br \/><\/b>Biomedical Center 106<\/p><p><b>Phone:<br \/><\/b>757-727-5153<\/p><div><a href=\"https:\/\/home.hamptonu.edu\/science\/physics-faculty-and-staff\/\">\u00abPhysics Faculty List<\/a><\/div><div>\u00a0<\/div><div>\u00a0<\/div>\t\t\t\t\t\t\t\t<\/div>\n\t\t\t\t<\/div>\n\t\t\t\t\t<\/div>\n\t\t<\/div>\n\t\t\t\t<div class=\"elementor-column elementor-col-50 elementor-top-column elementor-element elementor-element-21632be\" data-id=\"21632be\" data-element_type=\"column\">\n\t\t\t<div class=\"elementor-widget-wrap elementor-element-populated\">\n\t\t\t\t\t\t<div class=\"elementor-element elementor-element-e2d14da elementor-widget elementor-widget-heading\" data-id=\"e2d14da\" data-element_type=\"widget\" data-widget_type=\"heading.default\">\n\t\t\t\t<div class=\"elementor-widget-container\">\n\t\t\t\t\t<h2 class=\"elementor-heading-title elementor-size-default\"><b>Dr. Michael Kohl<\/b><\/h2>\t\t\t\t<\/div>\n\t\t\t\t<\/div>\n\t\t\t\t<div class=\"elementor-element elementor-element-29a8183 elementor-widget-divider--view-line elementor-widget elementor-widget-divider\" data-id=\"29a8183\" data-element_type=\"widget\" data-widget_type=\"divider.default\">\n\t\t\t\t<div class=\"elementor-widget-container\">\n\t\t\t\t\t\t\t<div class=\"elementor-divider\">\n\t\t\t<span class=\"elementor-divider-separator\">\n\t\t\t\t\t\t<\/span>\n\t\t<\/div>\n\t\t\t\t\t\t<\/div>\n\t\t\t\t<\/div>\n\t\t\t\t<div class=\"elementor-element elementor-element-b7a3310 elementor-widget__width-initial elementor-widget elementor-widget-text-editor\" data-id=\"b7a3310\" data-element_type=\"widget\" data-widget_type=\"text-editor.default\">\n\t\t\t\t<div class=\"elementor-widget-container\">\n\t\t\t\t\t\t\t\t\t<p class=\"MsoNormal\" style=\"margin: 0in;font-size: 12pt;font-family: Calibri, sans-serif;color: #000000;font-style: normal;font-weight: 400\"><strong>Position:\u00a0 <\/strong>Professor<\/p><p class=\"MsoNormal\" style=\"margin: 0in;font-size: 12pt;font-family: Calibri, sans-serif;color: #000000;font-style: normal;font-weight: 400\"><strong>Educational Background: <\/strong>Doctorate 2001, Diploma 1996, Technical University Darmstadt, Germany<\/p><p class=\"MsoNormal\" style=\"margin: 0in;font-size: 12pt;font-family: Calibri, sans-serif;color: #000000;font-style: normal;font-weight: 400\"><strong>Research Interests:\u00a0<\/strong>Experimental Nuclear Physics, Nucleon and Few-Body Structure, Fundamental Symmetries<\/p><p>I am an experimental nuclear physicist with a joint position both as faculty at HU and as staff scientist at the Thomas Jefferson National Accelerator Facility (Jefferson Lab) located not far from the HU campus. My research interests are to explore the internal structure of protons, neutrons and light nuclei with the help of electron scattering and by utilizing spin degrees of freedom, which I have pursued at several laboratories \u2013 the Mainz Microtron (MAMI) at University of Mainz, Germany, the S-DALINAC at the Technical University of Darmstadt, Germany, the MIT-Bates Linear Accelerator Center in Middleton, Massachusetts, and now at Jefferson Lab in Virginia. The electron scattering process is usually described in the framework of one-photon exchange, which allows using this method to explore strongly interacting matter such as nucleons and nuclei and their internal structure generated by quarks and gluons. The unprecedented precision of spin-dependent electron scattering has recently led to the question to what extent the exchange of two or more photons in the scattering process influences the observations. A definitive experiment to resolve this question (OLYMPUS) will be carried out in the near future at DESY in Hamburg, Germany, a large facility providing intense electron (and positron) beams. OLYMPUS is designed to very precisely compare elastic scattering of electrons with that of positrons in a storage ring from an internal proton target.<\/p><p>Another major research area of mine is the search for New Physics beyond the Standard Model. The observed excess of matter over antimatter in the universe cannot be explained with the current Standard Model, which on the other hand does account for all symmetry violations observed so far. According to A. Sakharov\u2019s criteria, discovery of new sources of symmetry violations (such as charge-parity or time reversal) are required for our understanding of the cosmos. I have co-initiated the Time Reversal Experiment with Kaons (TREK) proposed at J-PARC in Japan, which aims to find such new sources in the decay of charged kaons produced at J-PARC.<\/p><p>For both experiments OLYMPUS and TREK, my group is constructing charged-particle tracking detectors based on Gas Electron Multiplier (GEM) technology, a novel technique originally developed at CERN in Switzerland. GEM-detectors are relatively inexpensive, less fragile than wire chambers, and can be run at very high particle rates in very harsh radiation environments.<\/p><p><strong>Selected Publications:<\/strong><\/p><ol><li>Hasell, T. Akdogan, R. Alarcon, W. Bertozzi, E. Booth, T. Botto, J.R. Calarco, B. Clasie, C. Crawford, A. DeGrush, K. Dow, D. Dutta, M. Farkhondeh, R. Fatemi, O. Filoti, W. Franklin, H. Gao, E. Geis, S. Gilad, W. Hersman, M. Holtrop, E. Ihloff, P. Karpius, J. Kelsey, M. Kohl, H. Kolster, S. Krause, T. Lee, A. Maschinot, J. Matthews, K. McIlhany, N. Meitanis, R. Milner, J. Rapaport, R. Redwine, J. Seely, A. Shinozaki, A. Sindile, S. \u0160irca, T. Smith, S. Sobczynski, M. Tanguay, B. Tonguc, C. Tschalaer, E. Tsentalovich, W. Turchinetz, J.F.J. van den Brand, J. van der Laan, F. Wang, T. Wise, Y. Xiao, W. Xu, C. Zhang, Z. Zhou, V. Ziskin, and T. Zwart,\u00a0The BLAST Experiment,\u00a0Nucl. Instrum. and Meth. A.\u00a0603, 247 (2009).<\/li><li>Simon, J. Kelsey, M. Kohl, R. Majka, M. Pleska, T. Sakuma, N. Smirnow, H. Spinka, B. Surrow, and D. Underwood,Beam Performance of Tracking Detectors with Industrially Produced GEM Foils,<br \/>Nucl. Instrum. and Meth. A\u00a0598, 432 (2009).<\/li><li>Kohl,\u00a0The OLYMPUS Experiment at DESY, Proc. Int. Workshop on Positrons at Jefferson Lab (JPOS09), AIP Conf. Proc. 1160, 19 (2009).<\/li><li>Kohl,\u00a0Nucleon Form Factors from BLAST, Proc. 8th Int. Spin Physics Symposium, AIP Conf. Proc. 1149, 585 (2009).<\/li><li>Kohl,\u00a0The Time Reversal Experiment with Kaons (TREK) at J-PARC, Proc. 8th Int. Spin Physics Symposium, AIP Conf. Proc. 1149, 233 (2009).<\/li><li>Geis, M. Kohl, V. Ziskin, T. Akdogan , H. Arenh\u00f6vel, R. Alarcon, W. Bertozzi, E. Booth, T. Botto, J. Calarco, B. Clasie, C.B. Crawford, A. DeGrush, T.W. Donnelly, K. Dow, M. Farkhondeh, R. Fatemi, O. Filoti, W. Franklin, H. Gao, S. Gilad, D. Hasell, P. Karpius, H. Kolster, T. Lee, A. Maschinot, J. Matthews, K. McIlhany, N. Meitanis, R.G. Milner, J. Rapaport, R.P. Redwine, J. Seely, A. Shinozaki, S.\u0160irca, A. Sindile E. Six, T. Smith, M. Steadman, B. Tonguc, C. Tschalaer, E. Tsentalovich, W. Turchinetz, Y. Xiao, W. Xu, C. Zhang, Z. Zhou, and T. Zwart,<em>The Charge Form Factor of the Neutron at Low Momentum Transfer from the 2H(e,e&#8217;n)p Reaction,\u00a0<\/em>Phys. Rev. Lett.\u00a0<strong>101<\/strong>, 042501 (2008).<\/li><li>Kohl,\u00a0<em>Elastic Form Factors of the Proton, Neutron and Deuteron,\u00a0<\/em>Proc. Int. Nuclear Physics Conference, Tokyo, Japan, June 3-8, 2007, Nucl. Phys.\u00a0<strong>A805,\u00a0<\/strong>361c (2008).<\/li><\/ol><p>C.B. Crawford, A. Sindile, T. Akdogan, R. Alarcon, W. Bertozzi, E. Booth, T. Botto, J. Calarco, B. Clasie, A. DeGrush, T.W. Donnelly, K. Dow, D. Dutta, M. Farkhondeh, R. Fatemi, O. Filoti, W. Franklin, H. Gao, E. Geis, S. Gilad, W. Haeberli, D. Hasell, W. Hersman, M. Holtrop, P. Karpius, M. Kohl, H. Kolster, T. Lee, A. Maschinot, J. Matthews, K. McIlhany, N. Meitanis, R.G. Milner, J. Rapaport, R.P. Redwine, J. Seely, A. Shinozaki, S. Sirca, E. Six, T. Smith, B. Tonguc, C. Tschalaer, E. Tsentalovich, W. Turchinetz, J.F.J. van den Brand, J. van der Laan, F. Wang, T. Wise, Y. Xiao, W. Xu, C. Zhang, Z. Zhou, V. Ziskin, and T. Zwart,\u00a0Measurement of the Proton Electric to Magnetic Form Factor Ratio from H(e,e\u2019p),\u00a0Phys. Rev. Lett.\u00a098, 052301 (2007).<\/p><ol><li>Kohl, M. Ases Antelo, C. Ayerbe, D. Baumann, R. B\u00f6hm, D. Bosnar, M. Ding, M.O. Distler, J. Friedrich, J. Garc\u00eda Llongo, P. Jennewein, G. Jover Manas, H. Merkel, P. Merle, U. M\u00fcller, R. Neuhausen, L. Nungesser, R. P\u00e9rez Benito, J. Pochodzalla, M. Potokar, C. Rangacharyulu, A. Richter, G. Schrieder, M. Seimetz, Th. Walcher, and M. Weis,<br \/>Search for Narrow Nucleon Resonances below Pion Threshold in the 1H(e,e\u2019p+)X and 2H(e,e\u2019p)X Reactions,\u00a0Phys. Rev. C\u00a067,065204 (2003).<\/li><li>Kohl, P. Bartsch, D. Baumann, J. Bermuth, R. B\u00f6hm, K. Bohinc, S. Derber, M. Ding, M.O. Distler, I. Ewald, J. Friedrich, J.M. Friedrich, P. Jennewein, M. Kahrau, S.S. Kamalov, A. Kozlov, K.W. Krygier, M. Kuss, A. Liesenfeld, H. Merkel, P. Merle, U. M\u00fcller, R. Neuhausen, Th. Pospischil, M. Potokar, C. Rangacharyulu, A. Richter, D. Rohe, G. Rosner, H. Schmieden, G. Schrieder, M. Seimetz, S. \u0160irca, T. Suda, L. Tiator, M. Urban, A. Wagner, Th. Walcher, J. Wambach, M. Weis, and A. Wirzba,\u00a0Self Energies of the Pion and the D Isobar from the 3He(e,e\u2019p+)3H Reaction,\u00a0Phys. Lett.\u00a0B530, 67 (2002).<\/li><\/ol><p><strong>Synergistic Activities:<br \/><\/strong>Analysis coordinator of the BLAST experiment at MIT-Bates Linear Accelerator Center<br \/>Supervision of 12 graduate students on their PhD projects with the BLAST experiment<br \/>Co-initiator of the experiment proposal to DESY<br \/>\u201cA Proposal to Definitively Determine the Contribution of Multiple Photon Exchange in Elastic Lepton-Nucleon Scattering&#8221; (OLYMPUS)<br \/>Co-initiator of the Time Reversal Experiment with Kaons (TREK) at J-PARC, Japan<br \/>International spokesperson of TREK<\/p><p><strong>Collaborations:<br \/><\/strong>TREK collaboration (<a href=\"http:\/\/trek.kek.jp\/\">http:\/\/trek.kek.jp<\/a>)<br \/>OLYMPUS collaboration (<a href=\"http:\/\/web.mit.edu\/OLYMPUS\/\">http:\/\/web.mit.edu\/OLYMPUS\/<\/a>)<br \/>Jlab E07-003 (SANE) collaboration (<a href=\"http:\/\/www.jlab.org\/%7Erondon\/sane\/\">http:\/\/www.jlab.org\/~rondon\/sane\/<\/a>)<br \/>Jlab E04-108\/019 collaboration (<a href=\"http:\/\/hallcweb.jlab.org\/experiments\/GEp-III\/\">http:\/\/hallcweb.jlab.org\/experiments\/GEp-III\/<\/a>)<br \/>EIC\/eRHIC collaboration (<a href=\"http:\/\/www.bnl.gov\/eic\">http:\/\/www.bnl.gov\/eic<\/a>)<br \/><span style=\"font-size: 16px\">BLAST collaboration (<\/span><a style=\"font-size: 16px;background-color: #ffffff\" href=\"http:\/\/blast.lns.mit.edu\/\">http:\/\/blast.lns.mit.edu<\/a><span style=\"font-size: 16px\">)<br \/><\/span>MAMI A1 collaboration (<a href=\"http:\/\/wwwa1.kph.uni-mainz.de\/\">http:\/\/wwwa1.kph.uni-mainz.de<\/a>)<\/p>\t\t\t\t\t\t\t\t<\/div>\n\t\t\t\t<\/div>\n\t\t\t\t\t<\/div>\n\t\t<\/div>\n\t\t\t\t\t<\/div>\n\t\t<\/section>\n\t\t\t\t<\/div>\n\t\t","protected":false},"excerpt":{"rendered":"<p>Contact E-mail:\u00a0michael.kohl@hamptonu.edu Location: Biomedical Center 106 Phone:757-727-5153 \u00abPhysics Faculty List\u00a0\u00a0 Dr. Michael Kohl Position:\u00a0 Professor Educational Background: Doctorate 2001, Diploma 1996, Technical University Darmstadt, Germany Research Interests:\u00a0Experimental Nuclear Physics, Nucleon and Few-Body Structure, Fundamental Symmetries I am an experimental nuclear physicist with a joint position both as faculty at HU and as staff scientist at [&hellip;]<\/p>\n","protected":false},"author":146,"featured_media":0,"parent":0,"menu_order":0,"comment_status":"closed","ping_status":"closed","template":"","meta":{"site-sidebar-layout":"no-sidebar","site-content-layout":"page-builder","ast-site-content-layout":"full-width-container","site-content-style":"default","site-sidebar-style":"default","ast-global-header-display":"","ast-banner-title-visibility":"","ast-main-header-display":"","ast-hfb-above-header-display":"","ast-hfb-below-header-display":"","ast-hfb-mobile-header-display":"","site-post-title":"disabled","ast-breadcrumbs-content":"","ast-featured-img":"disabled","footer-sml-layout":"","theme-transparent-header-meta":"","adv-header-id-meta":"","stick-header-meta":"","header-above-stick-meta":"","header-main-stick-meta":"","header-below-stick-meta":"","astra-migrate-meta-layouts":"set","ast-page-background-enabled":"default","ast-page-background-meta":{"desktop":{"background-color":"","background-image":"","background-repeat":"repeat","background-position":"center center","background-size":"auto","background-attachment":"scroll","background-type":"","background-media":"","overlay-type":"","overlay-color":"","overlay-opacity":"","overlay-gradient":""},"tablet":{"background-color":"","background-image":"","background-repeat":"repeat","background-position":"center center","background-size":"auto","background-attachment":"scroll","background-type":"","background-media":"","overlay-type":"","overlay-color":"","overlay-opacity":"","overlay-gradient":""},"mobile":{"background-color":"","background-image":"","background-repeat":"repeat","background-position":"center center","background-size":"auto","background-attachment":"scroll","background-type":"","background-media":"","overlay-type":"","overlay-color":"","overlay-opacity":"","overlay-gradient":""}},"ast-content-background-meta":{"desktop":{"background-color":"var(--ast-global-color-5)","background-image":"","background-repeat":"repeat","background-position":"center center","background-size":"auto","background-attachment":"scroll","background-type":"","background-media":"","overlay-type":"","overlay-color":"","overlay-opacity":"","overlay-gradient":""},"tablet":{"background-color":"var(--ast-global-color-5)","background-image":"","background-repeat":"repeat","background-position":"center center","background-size":"auto","background-attachment":"scroll","background-type":"","background-media":"","overlay-type":"","overlay-color":"","overlay-opacity":"","overlay-gradient":""},"mobile":{"background-color":"var(--ast-global-color-5)","background-image":"","background-repeat":"repeat","background-position":"center center","background-size":"auto","background-attachment":"scroll","background-type":"","background-media":"","overlay-type":"","overlay-color":"","overlay-opacity":"","overlay-gradient":""}},"_mc_calendar":[],"footnotes":""},"class_list":["post-8283","page","type-page","status-publish","hentry"],"yoast_head":"<!-- This site is optimized with the Yoast SEO plugin v27.3 - https:\/\/yoast.com\/product\/yoast-seo-wordpress\/ -->\n<title>Dr. Michael Kohl Bio - School Of Science<\/title>\n<meta name=\"robots\" content=\"index, follow, max-snippet:-1, max-image-preview:large, max-video-preview:-1\" \/>\n<link rel=\"canonical\" href=\"https:\/\/home.hamptonu.edu\/science\/dr-michael-kohl-bio\/\" \/>\n<meta property=\"og:locale\" content=\"en_US\" \/>\n<meta property=\"og:type\" content=\"article\" \/>\n<meta property=\"og:title\" content=\"Dr. Michael Kohl Bio - School Of Science\" \/>\n<meta property=\"og:description\" content=\"Contact E-mail:\u00a0michael.kohl@hamptonu.edu Location: Biomedical Center 106 Phone:757-727-5153 \u00abPhysics Faculty List\u00a0\u00a0 Dr. Michael Kohl Position:\u00a0 Professor Educational Background: Doctorate 2001, Diploma 1996, Technical University Darmstadt, Germany Research Interests:\u00a0Experimental Nuclear Physics, Nucleon and Few-Body Structure, Fundamental Symmetries I am an experimental nuclear physicist with a joint position both as faculty at HU and as staff scientist at [&hellip;]\" \/>\n<meta property=\"og:url\" content=\"https:\/\/home.hamptonu.edu\/science\/dr-michael-kohl-bio\/\" \/>\n<meta property=\"og:site_name\" content=\"School Of Science\" \/>\n<meta property=\"article:modified_time\" content=\"2025-12-26T04:40:58+00:00\" \/>\n<meta property=\"og:image\" content=\"https:\/\/img2.hamptonu.edu\/profile\/kohl_michael.jpg\" \/>\n<meta name=\"twitter:card\" content=\"summary_large_image\" \/>\n<meta name=\"twitter:label1\" content=\"Est. reading time\" \/>\n\t<meta name=\"twitter:data1\" content=\"6 minutes\" \/>\n<script type=\"application\/ld+json\" class=\"yoast-schema-graph\">{\"@context\":\"https:\\\/\\\/schema.org\",\"@graph\":[{\"@type\":\"WebPage\",\"@id\":\"https:\\\/\\\/home.hamptonu.edu\\\/science\\\/dr-michael-kohl-bio\\\/\",\"url\":\"https:\\\/\\\/home.hamptonu.edu\\\/science\\\/dr-michael-kohl-bio\\\/\",\"name\":\"Dr. Michael Kohl Bio - School Of Science\",\"isPartOf\":{\"@id\":\"https:\\\/\\\/home.hamptonu.edu\\\/science\\\/#website\"},\"primaryImageOfPage\":{\"@id\":\"https:\\\/\\\/home.hamptonu.edu\\\/science\\\/dr-michael-kohl-bio\\\/#primaryimage\"},\"image\":{\"@id\":\"https:\\\/\\\/home.hamptonu.edu\\\/science\\\/dr-michael-kohl-bio\\\/#primaryimage\"},\"thumbnailUrl\":\"https:\\\/\\\/img2.hamptonu.edu\\\/profile\\\/kohl_michael.jpg\",\"datePublished\":\"2024-03-21T13:39:26+00:00\",\"dateModified\":\"2025-12-26T04:40:58+00:00\",\"breadcrumb\":{\"@id\":\"https:\\\/\\\/home.hamptonu.edu\\\/science\\\/dr-michael-kohl-bio\\\/#breadcrumb\"},\"inLanguage\":\"en-US\",\"potentialAction\":[{\"@type\":\"ReadAction\",\"target\":[\"https:\\\/\\\/home.hamptonu.edu\\\/science\\\/dr-michael-kohl-bio\\\/\"]}]},{\"@type\":\"ImageObject\",\"inLanguage\":\"en-US\",\"@id\":\"https:\\\/\\\/home.hamptonu.edu\\\/science\\\/dr-michael-kohl-bio\\\/#primaryimage\",\"url\":\"https:\\\/\\\/img2.hamptonu.edu\\\/profile\\\/kohl_michael.jpg\",\"contentUrl\":\"https:\\\/\\\/img2.hamptonu.edu\\\/profile\\\/kohl_michael.jpg\"},{\"@type\":\"BreadcrumbList\",\"@id\":\"https:\\\/\\\/home.hamptonu.edu\\\/science\\\/dr-michael-kohl-bio\\\/#breadcrumb\",\"itemListElement\":[{\"@type\":\"ListItem\",\"position\":1,\"name\":\"Home\",\"item\":\"https:\\\/\\\/home.hamptonu.edu\\\/science\\\/\"},{\"@type\":\"ListItem\",\"position\":2,\"name\":\"Dr. Michael Kohl Bio\"}]},{\"@type\":\"WebSite\",\"@id\":\"https:\\\/\\\/home.hamptonu.edu\\\/science\\\/#website\",\"url\":\"https:\\\/\\\/home.hamptonu.edu\\\/science\\\/\",\"name\":\"School Of Science\",\"description\":\"School of Science\",\"publisher\":{\"@id\":\"https:\\\/\\\/home.hamptonu.edu\\\/science\\\/#organization\"},\"potentialAction\":[{\"@type\":\"SearchAction\",\"target\":{\"@type\":\"EntryPoint\",\"urlTemplate\":\"https:\\\/\\\/home.hamptonu.edu\\\/science\\\/?s={search_term_string}\"},\"query-input\":{\"@type\":\"PropertyValueSpecification\",\"valueRequired\":true,\"valueName\":\"search_term_string\"}}],\"inLanguage\":\"en-US\"},{\"@type\":\"Organization\",\"@id\":\"https:\\\/\\\/home.hamptonu.edu\\\/science\\\/#organization\",\"name\":\"School Of Science\",\"url\":\"https:\\\/\\\/home.hamptonu.edu\\\/science\\\/\",\"logo\":{\"@type\":\"ImageObject\",\"inLanguage\":\"en-US\",\"@id\":\"https:\\\/\\\/home.hamptonu.edu\\\/science\\\/#\\\/schema\\\/logo\\\/image\\\/\",\"url\":\"https:\\\/\\\/home.hamptonu.edu\\\/science\\\/wp-content\\\/uploads\\\/sites\\\/47\\\/2025\\\/03\\\/cropped-cropped-cropped-school_of_science_rgb_1054x250.png\",\"contentUrl\":\"https:\\\/\\\/home.hamptonu.edu\\\/science\\\/wp-content\\\/uploads\\\/sites\\\/47\\\/2025\\\/03\\\/cropped-cropped-cropped-school_of_science_rgb_1054x250.png\",\"width\":1052,\"height\":248,\"caption\":\"School Of Science\"},\"image\":{\"@id\":\"https:\\\/\\\/home.hamptonu.edu\\\/science\\\/#\\\/schema\\\/logo\\\/image\\\/\"}}]}<\/script>\n<!-- \/ Yoast SEO plugin. -->","yoast_head_json":{"title":"Dr. Michael Kohl Bio - School Of Science","robots":{"index":"index","follow":"follow","max-snippet":"max-snippet:-1","max-image-preview":"max-image-preview:large","max-video-preview":"max-video-preview:-1"},"canonical":"https:\/\/home.hamptonu.edu\/science\/dr-michael-kohl-bio\/","og_locale":"en_US","og_type":"article","og_title":"Dr. Michael Kohl Bio - School Of Science","og_description":"Contact E-mail:\u00a0michael.kohl@hamptonu.edu Location: Biomedical Center 106 Phone:757-727-5153 \u00abPhysics Faculty List\u00a0\u00a0 Dr. Michael Kohl Position:\u00a0 Professor Educational Background: Doctorate 2001, Diploma 1996, Technical University Darmstadt, Germany Research Interests:\u00a0Experimental Nuclear Physics, Nucleon and Few-Body Structure, Fundamental Symmetries I am an experimental nuclear physicist with a joint position both as faculty at HU and as staff scientist at [&hellip;]","og_url":"https:\/\/home.hamptonu.edu\/science\/dr-michael-kohl-bio\/","og_site_name":"School Of Science","article_modified_time":"2025-12-26T04:40:58+00:00","og_image":[{"url":"https:\/\/img2.hamptonu.edu\/profile\/kohl_michael.jpg","type":"","width":"","height":""}],"twitter_card":"summary_large_image","twitter_misc":{"Est. reading time":"6 minutes"},"schema":{"@context":"https:\/\/schema.org","@graph":[{"@type":"WebPage","@id":"https:\/\/home.hamptonu.edu\/science\/dr-michael-kohl-bio\/","url":"https:\/\/home.hamptonu.edu\/science\/dr-michael-kohl-bio\/","name":"Dr. Michael Kohl Bio - School Of Science","isPartOf":{"@id":"https:\/\/home.hamptonu.edu\/science\/#website"},"primaryImageOfPage":{"@id":"https:\/\/home.hamptonu.edu\/science\/dr-michael-kohl-bio\/#primaryimage"},"image":{"@id":"https:\/\/home.hamptonu.edu\/science\/dr-michael-kohl-bio\/#primaryimage"},"thumbnailUrl":"https:\/\/img2.hamptonu.edu\/profile\/kohl_michael.jpg","datePublished":"2024-03-21T13:39:26+00:00","dateModified":"2025-12-26T04:40:58+00:00","breadcrumb":{"@id":"https:\/\/home.hamptonu.edu\/science\/dr-michael-kohl-bio\/#breadcrumb"},"inLanguage":"en-US","potentialAction":[{"@type":"ReadAction","target":["https:\/\/home.hamptonu.edu\/science\/dr-michael-kohl-bio\/"]}]},{"@type":"ImageObject","inLanguage":"en-US","@id":"https:\/\/home.hamptonu.edu\/science\/dr-michael-kohl-bio\/#primaryimage","url":"https:\/\/img2.hamptonu.edu\/profile\/kohl_michael.jpg","contentUrl":"https:\/\/img2.hamptonu.edu\/profile\/kohl_michael.jpg"},{"@type":"BreadcrumbList","@id":"https:\/\/home.hamptonu.edu\/science\/dr-michael-kohl-bio\/#breadcrumb","itemListElement":[{"@type":"ListItem","position":1,"name":"Home","item":"https:\/\/home.hamptonu.edu\/science\/"},{"@type":"ListItem","position":2,"name":"Dr. Michael Kohl Bio"}]},{"@type":"WebSite","@id":"https:\/\/home.hamptonu.edu\/science\/#website","url":"https:\/\/home.hamptonu.edu\/science\/","name":"School Of Science","description":"School of Science","publisher":{"@id":"https:\/\/home.hamptonu.edu\/science\/#organization"},"potentialAction":[{"@type":"SearchAction","target":{"@type":"EntryPoint","urlTemplate":"https:\/\/home.hamptonu.edu\/science\/?s={search_term_string}"},"query-input":{"@type":"PropertyValueSpecification","valueRequired":true,"valueName":"search_term_string"}}],"inLanguage":"en-US"},{"@type":"Organization","@id":"https:\/\/home.hamptonu.edu\/science\/#organization","name":"School Of Science","url":"https:\/\/home.hamptonu.edu\/science\/","logo":{"@type":"ImageObject","inLanguage":"en-US","@id":"https:\/\/home.hamptonu.edu\/science\/#\/schema\/logo\/image\/","url":"https:\/\/home.hamptonu.edu\/science\/wp-content\/uploads\/sites\/47\/2025\/03\/cropped-cropped-cropped-school_of_science_rgb_1054x250.png","contentUrl":"https:\/\/home.hamptonu.edu\/science\/wp-content\/uploads\/sites\/47\/2025\/03\/cropped-cropped-cropped-school_of_science_rgb_1054x250.png","width":1052,"height":248,"caption":"School Of Science"},"image":{"@id":"https:\/\/home.hamptonu.edu\/science\/#\/schema\/logo\/image\/"}}]}},"_links":{"self":[{"href":"https:\/\/home.hamptonu.edu\/science\/wp-json\/wp\/v2\/pages\/8283","targetHints":{"allow":["GET"]}}],"collection":[{"href":"https:\/\/home.hamptonu.edu\/science\/wp-json\/wp\/v2\/pages"}],"about":[{"href":"https:\/\/home.hamptonu.edu\/science\/wp-json\/wp\/v2\/types\/page"}],"author":[{"embeddable":true,"href":"https:\/\/home.hamptonu.edu\/science\/wp-json\/wp\/v2\/users\/146"}],"replies":[{"embeddable":true,"href":"https:\/\/home.hamptonu.edu\/science\/wp-json\/wp\/v2\/comments?post=8283"}],"version-history":[{"count":10,"href":"https:\/\/home.hamptonu.edu\/science\/wp-json\/wp\/v2\/pages\/8283\/revisions"}],"predecessor-version":[{"id":13221,"href":"https:\/\/home.hamptonu.edu\/science\/wp-json\/wp\/v2\/pages\/8283\/revisions\/13221"}],"wp:attachment":[{"href":"https:\/\/home.hamptonu.edu\/science\/wp-json\/wp\/v2\/media?parent=8283"}],"curies":[{"name":"wp","href":"https:\/\/api.w.org\/{rel}","templated":true}]}}